{"id":5369,"date":"2022-01-14T14:56:30","date_gmt":"2022-01-14T13:56:30","guid":{"rendered":"http:\/\/new2022.von-redwitz-consult.de\/about-me\/cooperations\/"},"modified":"2023-12-12T13:10:00","modified_gmt":"2023-12-12T12:10:00","slug":"cooperations","status":"publish","type":"page","link":"https:\/\/von-redwitz-consult.de\/en\/about-me\/cooperations\/","title":{"rendered":"Cooperations"},"content":{"rendered":"<div class=\"fusion-fullwidth fullwidth-box fusion-builder-row-1 fusion-flex-container nonhundred-percent-fullwidth non-hundred-percent-height-scrolling\" style=\"--awb-border-radius-top-left:0px;--awb-border-radius-top-right:0px;--awb-border-radius-bottom-right:0px;--awb-border-radius-bottom-left:0px;--awb-flex-wrap:wrap;\" ><div class=\"fusion-builder-row fusion-row fusion-flex-align-items-flex-start fusion-flex-content-wrap\" style=\"max-width:1248px;margin-left: calc(-4% \/ 2 );margin-right: calc(-4% \/ 2 );\"><div class=\"fusion-layout-column fusion_builder_column fusion-builder-column-0 fusion_builder_column_2_3 2_3 fusion-flex-column\" style=\"--awb-bg-size:cover;--awb-width-large:66.666666666667%;--awb-margin-top-large:0px;--awb-spacing-right-large:3.84%;--awb-margin-bottom-large:0px;--awb-spacing-left-large:2.88%;--awb-width-medium:66.666666666667%;--awb-spacing-right-medium:3.84%;--awb-spacing-left-medium:2.88%;--awb-width-small:100%;--awb-spacing-right-small:1.92%;--awb-spacing-left-small:1.92%;\"><div class=\"fusion-column-wrapper fusion-flex-justify-content-flex-start fusion-content-layout-column\"><div class=\"fusion-text fusion-text-1 fusion-text-no-margin\" style=\"--awb-font-size:16px;--awb-line-height:28px;--awb-text-transform:none;--awb-text-color:#ffffff;--awb-margin-bottom:0px;--awb-text-font-family:&quot;Roboto Condensed&quot;;--awb-text-font-style:normal;--awb-text-font-weight:700;\"><p><span style=\"font-size: 16px; font-weight: bold; background-color: #fbba00; color: #ffffff; padding: 5px 15px; line-height: 28px;\">Cooperations<\/span><\/p>\n<\/div><div class=\"fusion-text fusion-text-2\" style=\"--awb-text-transform:none;\"><h4 style=\"font-size: 28px; font-family: Roboto; line-height: 32px; color: #093eb9; margin-top: 20px; margin-bottom: 20px; text-align: left;\">Strong Partner Network<br \/>\n<\/h4>\n<\/div><\/div><\/div><div class=\"fusion-layout-column fusion_builder_column fusion-builder-column-1 fusion_builder_column_1_3 1_3 fusion-flex-column\" style=\"--awb-bg-size:cover;--awb-width-large:33.333333333333%;--awb-margin-top-large:0px;--awb-spacing-right-large:5.76%;--awb-margin-bottom-large:20px;--awb-spacing-left-large:3.84%;--awb-width-medium:33.333333333333%;--awb-order-medium:0;--awb-spacing-right-medium:5.76%;--awb-spacing-left-medium:3.84%;--awb-width-small:100%;--awb-order-small:0;--awb-spacing-right-small:1.92%;--awb-spacing-left-small:1.92%;\"><div class=\"fusion-column-wrapper fusion-column-has-shadow fusion-flex-justify-content-flex-start fusion-content-layout-column\"><\/div><\/div><div class=\"fusion-layout-column fusion_builder_column fusion-builder-column-2 fusion_builder_column_1_3 1_3 fusion-flex-column\" style=\"--awb-bg-size:cover;--awb-width-large:33.333333333333%;--awb-margin-top-large:0px;--awb-spacing-right-large:5.76%;--awb-margin-bottom-large:20px;--awb-spacing-left-large:5.76%;--awb-width-medium:33.333333333333%;--awb-order-medium:0;--awb-spacing-right-medium:5.76%;--awb-spacing-left-medium:5.76%;--awb-width-small:100%;--awb-order-small:0;--awb-spacing-right-small:1.92%;--awb-spacing-left-small:1.92%;\"><div class=\"fusion-column-wrapper fusion-column-has-shadow fusion-flex-justify-content-flex-start fusion-content-layout-column\"><div class=\"fusion-separator fusion-full-width-sep\" style=\"align-self: center;margin-left: auto;margin-right: auto;margin-top:5%;width:100%;\"><\/div><div class=\"fusion-image-element \" style=\"text-align:center;--awb-caption-title-font-family:var(--h2_typography-font-family);--awb-caption-title-font-weight:var(--h2_typography-font-weight);--awb-caption-title-font-style:var(--h2_typography-font-style);--awb-caption-title-size:var(--h2_typography-font-size);--awb-caption-title-transform:var(--h2_typography-text-transform);--awb-caption-title-line-height:var(--h2_typography-line-height);--awb-caption-title-letter-spacing:var(--h2_typography-letter-spacing);\"><span class=\" fusion-imageframe imageframe-none imageframe-1 hover-type-none\"><img decoding=\"async\" width=\"300\" height=\"44\" title=\"AllBright_highres\" src=\"https:\/\/von-redwitz-consult.de\/wp-content\/uploads\/2019\/12\/AllBright_highres-300x44.jpg\" alt class=\"img-responsive wp-image-5312\" srcset=\"https:\/\/von-redwitz-consult.de\/wp-content\/uploads\/2019\/12\/AllBright_highres-200x29.jpg 200w, https:\/\/von-redwitz-consult.de\/wp-content\/uploads\/2019\/12\/AllBright_highres-400x59.jpg 400w, https:\/\/von-redwitz-consult.de\/wp-content\/uploads\/2019\/12\/AllBright_highres-600x88.jpg 600w, https:\/\/von-redwitz-consult.de\/wp-content\/uploads\/2019\/12\/AllBright_highres-800x117.jpg 800w, https:\/\/von-redwitz-consult.de\/wp-content\/uploads\/2019\/12\/AllBright_highres-1200x176.jpg 1200w\" sizes=\"(max-width: 640px) 100vw, 400px\" \/><\/span><\/div><\/div><\/div><div class=\"fusion-layout-column fusion_builder_column fusion-builder-column-3 fusion_builder_column_1_3 1_3 fusion-flex-column\" style=\"--awb-bg-size:cover;--awb-width-large:33.333333333333%;--awb-margin-top-large:0px;--awb-spacing-right-large:5.76%;--awb-margin-bottom-large:20px;--awb-spacing-left-large:5.76%;--awb-width-medium:33.333333333333%;--awb-order-medium:0;--awb-spacing-right-medium:5.76%;--awb-spacing-left-medium:5.76%;--awb-width-small:100%;--awb-order-small:0;--awb-spacing-right-small:1.92%;--awb-spacing-left-small:1.92%;\"><div class=\"fusion-column-wrapper fusion-column-has-shadow fusion-flex-justify-content-flex-start fusion-content-layout-column\"><div class=\"fusion-text fusion-text-3\" style=\"--awb-text-transform:none;\"><h4><a href=\"http:\/\/www.allbright-stiftung.de\/\">AllBright Foundation<\/a><\/h4>\n<p class=\"text-align-center\">The AllBright Foundation is a non-profit foundation with headquarters in Stockholm and Berlin. It is committed to promoting women and diversity in management positions in business.<\/p>\n<\/div><\/div><\/div><div class=\"fusion-layout-column fusion_builder_column fusion-builder-column-4 fusion_builder_column_1_3 1_3 fusion-flex-column\" style=\"--awb-bg-size:cover;--awb-width-large:33.333333333333%;--awb-margin-top-large:0px;--awb-spacing-right-large:5.76%;--awb-margin-bottom-large:20px;--awb-spacing-left-large:5.76%;--awb-width-medium:33.333333333333%;--awb-order-medium:0;--awb-spacing-right-medium:5.76%;--awb-spacing-left-medium:5.76%;--awb-width-small:100%;--awb-order-small:0;--awb-spacing-right-small:1.92%;--awb-spacing-left-small:1.92%;\"><div class=\"fusion-column-wrapper fusion-column-has-shadow fusion-flex-justify-content-flex-start fusion-content-layout-column\"><\/div><\/div><div class=\"fusion-layout-column fusion_builder_column fusion-builder-column-5 fusion_builder_column_1_3 1_3 fusion-flex-column\" style=\"--awb-bg-size:cover;--awb-width-large:33.333333333333%;--awb-margin-top-large:0px;--awb-spacing-right-large:5.76%;--awb-margin-bottom-large:20px;--awb-spacing-left-large:5.76%;--awb-width-medium:33.333333333333%;--awb-order-medium:0;--awb-spacing-right-medium:5.76%;--awb-spacing-left-medium:5.76%;--awb-width-small:100%;--awb-order-small:0;--awb-spacing-right-small:1.92%;--awb-spacing-left-small:1.92%;\"><div class=\"fusion-column-wrapper fusion-column-has-shadow fusion-flex-justify-content-flex-start fusion-content-layout-column\"><div class=\"fusion-image-element \" style=\"text-align:center;--awb-caption-title-font-family:var(--h2_typography-font-family);--awb-caption-title-font-weight:var(--h2_typography-font-weight);--awb-caption-title-font-style:var(--h2_typography-font-style);--awb-caption-title-size:var(--h2_typography-font-size);--awb-caption-title-transform:var(--h2_typography-text-transform);--awb-caption-title-line-height:var(--h2_typography-line-height);--awb-caption-title-letter-spacing:var(--h2_typography-letter-spacing);\"><span class=\" fusion-imageframe imageframe-none imageframe-2 hover-type-none\"><img decoding=\"async\" width=\"300\" height=\"105\" title=\"Stefan Mueller_Logo_RGB_2\" src=\"https:\/\/von-redwitz-consult.de\/wp-content\/uploads\/2023\/11\/Stefan-Mueller_Logo_RGB_2-1-300x105.png\" alt class=\"img-responsive wp-image-5987\" srcset=\"https:\/\/von-redwitz-consult.de\/wp-content\/uploads\/2023\/11\/Stefan-Mueller_Logo_RGB_2-1-200x70.png 200w, https:\/\/von-redwitz-consult.de\/wp-content\/uploads\/2023\/11\/Stefan-Mueller_Logo_RGB_2-1-400x140.png 400w, https:\/\/von-redwitz-consult.de\/wp-content\/uploads\/2023\/11\/Stefan-Mueller_Logo_RGB_2-1-600x210.png 600w, https:\/\/von-redwitz-consult.de\/wp-content\/uploads\/2023\/11\/Stefan-Mueller_Logo_RGB_2-1-800x280.png 800w, https:\/\/von-redwitz-consult.de\/wp-content\/uploads\/2023\/11\/Stefan-Mueller_Logo_RGB_2-1.png 1181w\" sizes=\"(max-width: 640px) 100vw, 400px\" \/><\/span><\/div><\/div><\/div><div class=\"fusion-layout-column fusion_builder_column fusion-builder-column-6 fusion_builder_column_1_3 1_3 fusion-flex-column\" style=\"--awb-bg-size:cover;--awb-width-large:33.333333333333%;--awb-margin-top-large:0px;--awb-spacing-right-large:5.76%;--awb-margin-bottom-large:20px;--awb-spacing-left-large:5.76%;--awb-width-medium:33.333333333333%;--awb-order-medium:0;--awb-spacing-right-medium:5.76%;--awb-spacing-left-medium:5.76%;--awb-width-small:100%;--awb-order-small:0;--awb-spacing-right-small:1.92%;--awb-spacing-left-small:1.92%;\"><div class=\"fusion-column-wrapper fusion-column-has-shadow fusion-flex-justify-content-flex-start fusion-content-layout-column\"><div class=\"fusion-text fusion-text-4\" style=\"--awb-text-transform:none;\"><h4><a href=\"http:\/\/mein-systemisches-coaching.de\/diversityinclusion\/\">Stefan M\u00fcller<\/a><\/h4>\n<p class=\"text-align-center\">Systemischer Berater f\u00fcr unternehmerische \u00d6kosysteme und Coach. Experte f\u00fcr zukunftsf\u00e4hige Organisationentwicklung.<\/p>\n<\/div><\/div><\/div><div class=\"fusion-layout-column fusion_builder_column fusion-builder-column-7 fusion_builder_column_1_3 1_3 fusion-flex-column\" style=\"--awb-bg-size:cover;--awb-width-large:33.333333333333%;--awb-margin-top-large:0px;--awb-spacing-right-large:5.76%;--awb-margin-bottom-large:20px;--awb-spacing-left-large:5.76%;--awb-width-medium:33.333333333333%;--awb-order-medium:0;--awb-spacing-right-medium:5.76%;--awb-spacing-left-medium:5.76%;--awb-width-small:100%;--awb-order-small:0;--awb-spacing-right-small:1.92%;--awb-spacing-left-small:1.92%;\"><div class=\"fusion-column-wrapper fusion-column-has-shadow fusion-flex-justify-content-flex-start fusion-content-layout-column\"><\/div><\/div><div class=\"fusion-layout-column fusion_builder_column fusion-builder-column-8 fusion_builder_column_1_3 1_3 fusion-flex-column\" style=\"--awb-bg-size:cover;--awb-width-large:33.333333333333%;--awb-margin-top-large:0px;--awb-spacing-right-large:5.76%;--awb-margin-bottom-large:20px;--awb-spacing-left-large:5.76%;--awb-width-medium:33.333333333333%;--awb-order-medium:0;--awb-spacing-right-medium:5.76%;--awb-spacing-left-medium:5.76%;--awb-width-small:100%;--awb-order-small:0;--awb-spacing-right-small:1.92%;--awb-spacing-left-small:1.92%;\"><div class=\"fusion-column-wrapper fusion-column-has-shadow fusion-flex-justify-content-flex-start fusion-content-layout-column\"><div class=\"fusion-image-element \" style=\"text-align:center;--awb-caption-title-font-family:var(--h2_typography-font-family);--awb-caption-title-font-weight:var(--h2_typography-font-weight);--awb-caption-title-font-style:var(--h2_typography-font-style);--awb-caption-title-size:var(--h2_typography-font-size);--awb-caption-title-transform:var(--h2_typography-text-transform);--awb-caption-title-line-height:var(--h2_typography-line-height);--awb-caption-title-letter-spacing:var(--h2_typography-letter-spacing);\"><span class=\" fusion-imageframe imageframe-none imageframe-3 hover-type-none\"><img decoding=\"async\" width=\"300\" height=\"76\" title=\"Bild 7\" src=\"https:\/\/von-redwitz-consult.de\/wp-content\/uploads\/2018\/03\/Bild-7-300x76.png\" alt class=\"img-responsive wp-image-5221\" srcset=\"https:\/\/von-redwitz-consult.de\/wp-content\/uploads\/2018\/03\/Bild-7-200x51.png 200w, https:\/\/von-redwitz-consult.de\/wp-content\/uploads\/2018\/03\/Bild-7-400x101.png 400w, https:\/\/von-redwitz-consult.de\/wp-content\/uploads\/2018\/03\/Bild-7.png 430w\" sizes=\"(max-width: 640px) 100vw, 400px\" \/><\/span><\/div><\/div><\/div><div class=\"fusion-layout-column fusion_builder_column fusion-builder-column-9 fusion_builder_column_1_3 1_3 fusion-flex-column\" style=\"--awb-bg-size:cover;--awb-width-large:33.333333333333%;--awb-margin-top-large:0px;--awb-spacing-right-large:5.76%;--awb-margin-bottom-large:20px;--awb-spacing-left-large:5.76%;--awb-width-medium:33.333333333333%;--awb-order-medium:0;--awb-spacing-right-medium:5.76%;--awb-spacing-left-medium:5.76%;--awb-width-small:100%;--awb-order-small:0;--awb-spacing-right-small:1.92%;--awb-spacing-left-small:1.92%;\"><div class=\"fusion-column-wrapper fusion-column-has-shadow fusion-flex-justify-content-flex-start fusion-content-layout-column\"><div class=\"fusion-text fusion-text-5\" style=\"--awb-text-transform:none;\"><h4><a href=\"http:\/\/anja-kellermann.de\/\">Dr. Anja Kellermann<\/a><\/h4>\n<p>Business Coach. Expert for communication, teams, and leadership<\/p>\n<\/div><\/div><\/div><div class=\"fusion-layout-column fusion_builder_column fusion-builder-column-10 fusion_builder_column_1_3 1_3 fusion-flex-column\" style=\"--awb-bg-size:cover;--awb-width-large:33.333333333333%;--awb-margin-top-large:0px;--awb-spacing-right-large:5.76%;--awb-margin-bottom-large:20px;--awb-spacing-left-large:5.76%;--awb-width-medium:33.333333333333%;--awb-order-medium:0;--awb-spacing-right-medium:5.76%;--awb-spacing-left-medium:5.76%;--awb-width-small:100%;--awb-order-small:0;--awb-spacing-right-small:1.92%;--awb-spacing-left-small:1.92%;\"><div class=\"fusion-column-wrapper fusion-column-has-shadow fusion-flex-justify-content-flex-start fusion-content-layout-column\"><\/div><\/div><\/div><\/div>\n","protected":false},"excerpt":{"rendered":"","protected":false},"author":2,"featured_media":0,"parent":5360,"menu_order":4,"comment_status":"closed","ping_status":"closed","template":"","meta":{"footnotes":""},"class_list":["post-5369","page","type-page","status-publish","hentry"],"yoast_head":"<!-- This site is optimized with the Yoast SEO plugin v24.5 - https:\/\/yoast.com\/wordpress\/plugins\/seo\/ -->\n<title>Cooperations - von Redwitz CONSULT<\/title>\n<meta name=\"robots\" content=\"index, follow, max-snippet:-1, max-image-preview:large, max-video-preview:-1\" \/>\n<link rel=\"canonical\" href=\"https:\/\/von-redwitz-consult.de\/en\/about-me\/cooperations\/\" \/>\n<meta property=\"og:locale\" content=\"en_US\" \/>\n<meta property=\"og:type\" content=\"article\" \/>\n<meta property=\"og:title\" content=\"Cooperations - von Redwitz CONSULT\" \/>\n<meta property=\"og:url\" content=\"https:\/\/von-redwitz-consult.de\/en\/about-me\/cooperations\/\" \/>\n<meta property=\"og:site_name\" content=\"von Redwitz CONSULT\" \/>\n<meta property=\"article:publisher\" content=\"https:\/\/www.facebook.com\/vonredwitzconsulting\/\" \/>\n<meta property=\"article:modified_time\" content=\"2023-12-12T12:10:00+00:00\" \/>\n<meta name=\"twitter:card\" content=\"summary_large_image\" \/>\n<meta name=\"twitter:label1\" content=\"Est. reading time\" \/>\n\t<meta name=\"twitter:data1\" content=\"17 minutes\" \/>\n<script type=\"application\/ld+json\" class=\"yoast-schema-graph\">{\"@context\":\"https:\/\/schema.org\",\"@graph\":[{\"@type\":\"WebPage\",\"@id\":\"https:\/\/von-redwitz-consult.de\/en\/about-me\/cooperations\/\",\"url\":\"https:\/\/von-redwitz-consult.de\/en\/about-me\/cooperations\/\",\"name\":\"Cooperations - von Redwitz CONSULT\",\"isPartOf\":{\"@id\":\"https:\/\/von-redwitz-consult.de\/en\/#website\"},\"datePublished\":\"2022-01-14T13:56:30+00:00\",\"dateModified\":\"2023-12-12T12:10:00+00:00\",\"breadcrumb\":{\"@id\":\"https:\/\/von-redwitz-consult.de\/en\/about-me\/cooperations\/#breadcrumb\"},\"inLanguage\":\"en-US\",\"potentialAction\":[{\"@type\":\"ReadAction\",\"target\":[\"https:\/\/von-redwitz-consult.de\/en\/about-me\/cooperations\/\"]}]},{\"@type\":\"BreadcrumbList\",\"@id\":\"https:\/\/von-redwitz-consult.de\/en\/about-me\/cooperations\/#breadcrumb\",\"itemListElement\":[{\"@type\":\"ListItem\",\"position\":1,\"name\":\"Startseite\",\"item\":\"https:\/\/von-redwitz-consult.de\/\"},{\"@type\":\"ListItem\",\"position\":2,\"name\":\"About me\",\"item\":\"https:\/\/von-redwitz-consult.de\/en\/about-me\/\"},{\"@type\":\"ListItem\",\"position\":3,\"name\":\"Cooperations\"}]},{\"@type\":\"WebSite\",\"@id\":\"https:\/\/von-redwitz-consult.de\/en\/#website\",\"url\":\"https:\/\/von-redwitz-consult.de\/en\/\",\"name\":\"von Redwitz CONSULT\",\"description\":\"Diversity Management f\u00fcr Unternehmen\",\"publisher\":{\"@id\":\"https:\/\/von-redwitz-consult.de\/en\/#organization\"},\"potentialAction\":[{\"@type\":\"SearchAction\",\"target\":{\"@type\":\"EntryPoint\",\"urlTemplate\":\"https:\/\/von-redwitz-consult.de\/en\/?s={search_term_string}\"},\"query-input\":{\"@type\":\"PropertyValueSpecification\",\"valueRequired\":true,\"valueName\":\"search_term_string\"}}],\"inLanguage\":\"en-US\"},{\"@type\":\"Organization\",\"@id\":\"https:\/\/von-redwitz-consult.de\/en\/#organization\",\"name\":\"von Redwitz CONSULT\",\"url\":\"https:\/\/von-redwitz-consult.de\/en\/\",\"logo\":{\"@type\":\"ImageObject\",\"inLanguage\":\"en-US\",\"@id\":\"https:\/\/von-redwitz-consult.de\/en\/#\/schema\/logo\/image\/\",\"url\":\"https:\/\/von-redwitz-consult.de\/wp-content\/uploads\/2018\/01\/Logo-205x60px.png\",\"contentUrl\":\"https:\/\/von-redwitz-consult.de\/wp-content\/uploads\/2018\/01\/Logo-205x60px.png\",\"width\":206,\"height\":60,\"caption\":\"von Redwitz CONSULT\"},\"image\":{\"@id\":\"https:\/\/von-redwitz-consult.de\/en\/#\/schema\/logo\/image\/\"},\"sameAs\":[\"https:\/\/www.facebook.com\/vonredwitzconsulting\/\",\"https:\/\/www.linkedin.com\/in\/annika-von-redwitz-53142436\/\",\"https:\/\/www.xing.com\/profile\/Annika_vonRedwitz\"]}]}<\/script>\n<!-- \/ Yoast SEO plugin. -->","yoast_head_json":{"title":"Cooperations - von Redwitz CONSULT","robots":{"index":"index","follow":"follow","max-snippet":"max-snippet:-1","max-image-preview":"max-image-preview:large","max-video-preview":"max-video-preview:-1"},"canonical":"https:\/\/von-redwitz-consult.de\/en\/about-me\/cooperations\/","og_locale":"en_US","og_type":"article","og_title":"Cooperations - von Redwitz CONSULT","og_url":"https:\/\/von-redwitz-consult.de\/en\/about-me\/cooperations\/","og_site_name":"von Redwitz CONSULT","article_publisher":"https:\/\/www.facebook.com\/vonredwitzconsulting\/","article_modified_time":"2023-12-12T12:10:00+00:00","twitter_card":"summary_large_image","twitter_misc":{"Est. reading time":"17 minutes"},"schema":{"@context":"https:\/\/schema.org","@graph":[{"@type":"WebPage","@id":"https:\/\/von-redwitz-consult.de\/en\/about-me\/cooperations\/","url":"https:\/\/von-redwitz-consult.de\/en\/about-me\/cooperations\/","name":"Cooperations - von Redwitz CONSULT","isPartOf":{"@id":"https:\/\/von-redwitz-consult.de\/en\/#website"},"datePublished":"2022-01-14T13:56:30+00:00","dateModified":"2023-12-12T12:10:00+00:00","breadcrumb":{"@id":"https:\/\/von-redwitz-consult.de\/en\/about-me\/cooperations\/#breadcrumb"},"inLanguage":"en-US","potentialAction":[{"@type":"ReadAction","target":["https:\/\/von-redwitz-consult.de\/en\/about-me\/cooperations\/"]}]},{"@type":"BreadcrumbList","@id":"https:\/\/von-redwitz-consult.de\/en\/about-me\/cooperations\/#breadcrumb","itemListElement":[{"@type":"ListItem","position":1,"name":"Startseite","item":"https:\/\/von-redwitz-consult.de\/"},{"@type":"ListItem","position":2,"name":"About me","item":"https:\/\/von-redwitz-consult.de\/en\/about-me\/"},{"@type":"ListItem","position":3,"name":"Cooperations"}]},{"@type":"WebSite","@id":"https:\/\/von-redwitz-consult.de\/en\/#website","url":"https:\/\/von-redwitz-consult.de\/en\/","name":"von Redwitz CONSULT","description":"Diversity Management f\u00fcr Unternehmen","publisher":{"@id":"https:\/\/von-redwitz-consult.de\/en\/#organization"},"potentialAction":[{"@type":"SearchAction","target":{"@type":"EntryPoint","urlTemplate":"https:\/\/von-redwitz-consult.de\/en\/?s={search_term_string}"},"query-input":{"@type":"PropertyValueSpecification","valueRequired":true,"valueName":"search_term_string"}}],"inLanguage":"en-US"},{"@type":"Organization","@id":"https:\/\/von-redwitz-consult.de\/en\/#organization","name":"von Redwitz CONSULT","url":"https:\/\/von-redwitz-consult.de\/en\/","logo":{"@type":"ImageObject","inLanguage":"en-US","@id":"https:\/\/von-redwitz-consult.de\/en\/#\/schema\/logo\/image\/","url":"https:\/\/von-redwitz-consult.de\/wp-content\/uploads\/2018\/01\/Logo-205x60px.png","contentUrl":"https:\/\/von-redwitz-consult.de\/wp-content\/uploads\/2018\/01\/Logo-205x60px.png","width":206,"height":60,"caption":"von Redwitz CONSULT"},"image":{"@id":"https:\/\/von-redwitz-consult.de\/en\/#\/schema\/logo\/image\/"},"sameAs":["https:\/\/www.facebook.com\/vonredwitzconsulting\/","https:\/\/www.linkedin.com\/in\/annika-von-redwitz-53142436\/","https:\/\/www.xing.com\/profile\/Annika_vonRedwitz"]}]}},"_links":{"self":[{"href":"https:\/\/von-redwitz-consult.de\/en\/wp-json\/wp\/v2\/pages\/5369","targetHints":{"allow":["GET"]}}],"collection":[{"href":"https:\/\/von-redwitz-consult.de\/en\/wp-json\/wp\/v2\/pages"}],"about":[{"href":"https:\/\/von-redwitz-consult.de\/en\/wp-json\/wp\/v2\/types\/page"}],"author":[{"embeddable":true,"href":"https:\/\/von-redwitz-consult.de\/en\/wp-json\/wp\/v2\/users\/2"}],"replies":[{"embeddable":true,"href":"https:\/\/von-redwitz-consult.de\/en\/wp-json\/wp\/v2\/comments?post=5369"}],"version-history":[{"count":9,"href":"https:\/\/von-redwitz-consult.de\/en\/wp-json\/wp\/v2\/pages\/5369\/revisions"}],"predecessor-version":[{"id":6019,"href":"https:\/\/von-redwitz-consult.de\/en\/wp-json\/wp\/v2\/pages\/5369\/revisions\/6019"}],"up":[{"embeddable":true,"href":"https:\/\/von-redwitz-consult.de\/en\/wp-json\/wp\/v2\/pages\/5360"}],"wp:attachment":[{"href":"https:\/\/von-redwitz-consult.de\/en\/wp-json\/wp\/v2\/media?parent=5369"}],"curies":[{"name":"wp","href":"https:\/\/api.w.org\/{rel}","templated":true}]}}