{"id":5390,"date":"2022-01-14T15:14:22","date_gmt":"2022-01-14T14:14:22","guid":{"rendered":"http:\/\/new2022.von-redwitz-consult.de\/contact\/"},"modified":"2022-01-14T15:14:23","modified_gmt":"2022-01-14T14:14:23","slug":"contact","status":"publish","type":"page","link":"https:\/\/von-redwitz-consult.de\/en\/contact\/","title":{"rendered":"Contact"},"content":{"rendered":"<div class=\"fusion-fullwidth fullwidth-box fusion-builder-row-1 fusion-flex-container nonhundred-percent-fullwidth non-hundred-percent-height-scrolling\" style=\"--awb-border-radius-top-left:0px;--awb-border-radius-top-right:0px;--awb-border-radius-bottom-right:0px;--awb-border-radius-bottom-left:0px;--awb-flex-wrap:wrap;\" ><div class=\"fusion-builder-row fusion-row fusion-flex-align-items-flex-start fusion-flex-content-wrap\" style=\"max-width:1248px;margin-left: calc(-4% \/ 2 );margin-right: calc(-4% \/ 2 );\"><div class=\"fusion-layout-column fusion_builder_column fusion-builder-column-0 fusion_builder_column_1_2 1_2 fusion-flex-column\" style=\"--awb-bg-size:cover;--awb-width-large:50%;--awb-margin-top-large:0px;--awb-spacing-right-large:3.84%;--awb-margin-bottom-large:0px;--awb-spacing-left-large:3.84%;--awb-width-medium:50%;--awb-spacing-right-medium:3.84%;--awb-spacing-left-medium:3.84%;--awb-width-small:100%;--awb-spacing-right-small:1.92%;--awb-spacing-left-small:1.92%;\"><div class=\"fusion-column-wrapper fusion-flex-justify-content-flex-start fusion-content-layout-column\"><div class=\"fusion-text fusion-text-1\" style=\"--awb-text-transform:none;\"><h5 style=\"font-size: 22px; font-family: Roboto; color: #093eb6;\">Office address<\/h5>\n<p><strong>von Redwitz CONSULT<\/strong><br \/>\nAnnika v. Redwitz<br \/>\nTalstra\u00dfe 2a<br \/>\n69190 Walldorf<br \/>\nMobil: +49 176 47257162<br \/>\nTel.: +49 6227 3996740<br \/>\neMail: <a href=\"mailto:info@von-redwitz-consult.de\">info(at)von-redwitz-consult.de<\/a><\/p>\n<\/div><\/div><\/div><div class=\"fusion-layout-column fusion_builder_column fusion-builder-column-1 fusion_builder_column_1_2 1_2 fusion-flex-column\" style=\"--awb-bg-size:cover;--awb-width-large:50%;--awb-margin-top-large:0px;--awb-spacing-right-large:3.84%;--awb-margin-bottom-large:0px;--awb-spacing-left-large:3.84%;--awb-width-medium:50%;--awb-spacing-right-medium:3.84%;--awb-spacing-left-medium:3.84%;--awb-width-small:100%;--awb-spacing-right-small:1.92%;--awb-spacing-left-small:1.92%;\"><div class=\"fusion-column-wrapper fusion-flex-justify-content-flex-start fusion-content-layout-column\"><div class=\"fusion-text fusion-text-2\" style=\"--awb-text-transform:none;\"><h5 style=\"font-size: 22px; font-family: Roboto; color: #093eb6;\">Contact Form<\/h5>\n<\/div>\n<div class=\"wpcf7 no-js\" id=\"wpcf7-f3335-o1\" lang=\"de-DE\" dir=\"ltr\" data-wpcf7-id=\"3335\">\n<div class=\"screen-reader-response\"><p role=\"status\" aria-live=\"polite\" aria-atomic=\"true\"><\/p> <ul><\/ul><\/div>\n<form action=\"\/en\/wp-json\/wp\/v2\/pages\/5390#wpcf7-f3335-o1\" method=\"post\" class=\"wpcf7-form init\" aria-label=\"Kontaktformular\" novalidate=\"novalidate\" data-status=\"init\">\n<fieldset class=\"hidden-fields-container\"><input type=\"hidden\" name=\"_wpcf7\" value=\"3335\" \/><input type=\"hidden\" name=\"_wpcf7_version\" value=\"6.1\" \/><input type=\"hidden\" name=\"_wpcf7_locale\" value=\"de_DE\" \/><input type=\"hidden\" name=\"_wpcf7_unit_tag\" value=\"wpcf7-f3335-o1\" \/><input type=\"hidden\" name=\"_wpcf7_container_post\" value=\"0\" \/><input type=\"hidden\" name=\"_wpcf7_posted_data_hash\" value=\"\" \/>\n<\/fieldset>\n<p><label> Vollst\u00e4ndiger Name<br \/>\n<span class=\"wpcf7-form-control-wrap\" data-name=\"your-name\"><input size=\"40\" maxlength=\"400\" class=\"wpcf7-form-control wpcf7-text wpcf7-validates-as-required\" aria-required=\"true\" aria-invalid=\"false\" value=\"\" type=\"text\" name=\"your-name\" \/><\/span> <\/label>\n<\/p>\n<p><label> E-Mail-Adresse<br \/>\n<span class=\"wpcf7-form-control-wrap\" data-name=\"your-email\"><input size=\"40\" maxlength=\"400\" class=\"wpcf7-form-control wpcf7-email wpcf7-validates-as-required wpcf7-text wpcf7-validates-as-email\" aria-required=\"true\" aria-invalid=\"false\" value=\"\" type=\"email\" name=\"your-email\" \/><\/span> <\/label>\n<\/p>\n<p><label> Betrifft<br \/>\n<span class=\"wpcf7-form-control-wrap\" data-name=\"your-subject\"><input size=\"40\" maxlength=\"400\" class=\"wpcf7-form-control wpcf7-text wpcf7-validates-as-required\" aria-required=\"true\" aria-invalid=\"false\" value=\"\" type=\"text\" name=\"your-subject\" \/><\/span> <\/label>\n<\/p>\n<p><label> Ihre Nachricht (optional)<br \/>\n<span class=\"wpcf7-form-control-wrap\" data-name=\"your-message\"><textarea cols=\"40\" rows=\"10\" maxlength=\"2000\" class=\"wpcf7-form-control wpcf7-textarea\" aria-invalid=\"false\" name=\"your-message\"><\/textarea><\/span> <\/label>\n<\/p>\n<p><input class=\"wpcf7-form-control wpcf7-submit has-spinner\" type=\"submit\" value=\"Senden\" \/>\n<\/p>\n<p><span class=\"wpcf7-form-control-wrap\" data-name=\"acceptance-859\"><span class=\"wpcf7-form-control wpcf7-acceptance\"><span class=\"wpcf7-list-item\"><label><input type=\"checkbox\" name=\"acceptance-859\" value=\"1\" aria-invalid=\"false\" \/><span class=\"wpcf7-list-item-label\">\"Ich stimme zu, dass meine Angaben aus dem Kontaktformular zur Beantwortung meiner Anfrage erhoben und verarbeitet werden. Die Daten werden nach abgeschlossener Bearbeitung Ihrer Anfrage gel\u00f6scht. Hinweis: Sie k\u00f6nnen Ihre Einwilligung jederzeit f\u00fcr die Zukunft per eMail an info(at)von-redwitz-consult.de widerrufen. Detaillierte Informationen zum Umgang mit Nutzerdaten finden Sie in unserer Datenschutzerkl\u00e4rung.\"<\/span><\/label><\/span><\/span><\/span>\n<\/p><div class=\"fusion-alert alert custom alert-custom fusion-alert-center wpcf7-response-output awb-alert-native-link-color alert-dismissable awb-alert-close-boxed\" style=\"--awb-border-size:1px;--awb-border-top-left-radius:0px;--awb-border-top-right-radius:0px;--awb-border-bottom-left-radius:0px;--awb-border-bottom-right-radius:0px;\" role=\"alert\"><div class=\"fusion-alert-content-wrapper\"><span class=\"fusion-alert-content\"><\/span><\/div><button type=\"button\" class=\"close toggle-alert\" data-dismiss=\"alert\" aria-label=\"Close\">&times;<\/button><\/div>\n<\/form>\n<\/div>\n<\/div><\/div><\/div><\/div>\n","protected":false},"excerpt":{"rendered":"","protected":false},"author":2,"featured_media":6058,"parent":0,"menu_order":0,"comment_status":"closed","ping_status":"closed","template":"","meta":{"footnotes":""},"class_list":["post-5390","page","type-page","status-publish","has-post-thumbnail","hentry"],"yoast_head":"<!-- This site is optimized with the Yoast SEO plugin v24.5 - https:\/\/yoast.com\/wordpress\/plugins\/seo\/ -->\n<title>Contact - von Redwitz CONSULT<\/title>\n<meta name=\"robots\" content=\"index, follow, max-snippet:-1, max-image-preview:large, max-video-preview:-1\" \/>\n<link rel=\"canonical\" href=\"https:\/\/von-redwitz-consult.de\/en\/contact\/\" \/>\n<meta property=\"og:locale\" content=\"en_US\" \/>\n<meta property=\"og:type\" content=\"article\" \/>\n<meta property=\"og:title\" content=\"Contact - von Redwitz CONSULT\" \/>\n<meta property=\"og:url\" content=\"https:\/\/von-redwitz-consult.de\/en\/contact\/\" \/>\n<meta property=\"og:site_name\" content=\"von Redwitz CONSULT\" \/>\n<meta property=\"article:publisher\" content=\"https:\/\/www.facebook.com\/vonredwitzconsulting\/\" \/>\n<meta property=\"article:modified_time\" content=\"2022-01-14T14:14:23+00:00\" \/>\n<meta property=\"og:image\" content=\"https:\/\/von-redwitz-consult.de\/wp-content\/uploads\/2025\/02\/Logo_von-Redwitz_consult_q.png\" \/>\n\t<meta property=\"og:image:width\" content=\"300\" \/>\n\t<meta property=\"og:image:height\" content=\"300\" \/>\n\t<meta property=\"og:image:type\" content=\"image\/png\" \/>\n<meta name=\"twitter:card\" content=\"summary_large_image\" \/>\n<meta name=\"twitter:label1\" content=\"Est. reading time\" \/>\n\t<meta name=\"twitter:data1\" content=\"2 minutes\" \/>\n<script type=\"application\/ld+json\" class=\"yoast-schema-graph\">{\"@context\":\"https:\/\/schema.org\",\"@graph\":[{\"@type\":\"WebPage\",\"@id\":\"https:\/\/von-redwitz-consult.de\/en\/contact\/\",\"url\":\"https:\/\/von-redwitz-consult.de\/en\/contact\/\",\"name\":\"Contact - von Redwitz CONSULT\",\"isPartOf\":{\"@id\":\"https:\/\/von-redwitz-consult.de\/en\/#website\"},\"primaryImageOfPage\":{\"@id\":\"https:\/\/von-redwitz-consult.de\/en\/contact\/#primaryimage\"},\"image\":{\"@id\":\"https:\/\/von-redwitz-consult.de\/en\/contact\/#primaryimage\"},\"thumbnailUrl\":\"https:\/\/von-redwitz-consult.de\/wp-content\/uploads\/2025\/02\/Logo_von-Redwitz_consult_q.png\",\"datePublished\":\"2022-01-14T14:14:22+00:00\",\"dateModified\":\"2022-01-14T14:14:23+00:00\",\"breadcrumb\":{\"@id\":\"https:\/\/von-redwitz-consult.de\/en\/contact\/#breadcrumb\"},\"inLanguage\":\"en-US\",\"potentialAction\":[{\"@type\":\"ReadAction\",\"target\":[\"https:\/\/von-redwitz-consult.de\/en\/contact\/\"]}]},{\"@type\":\"ImageObject\",\"inLanguage\":\"en-US\",\"@id\":\"https:\/\/von-redwitz-consult.de\/en\/contact\/#primaryimage\",\"url\":\"https:\/\/von-redwitz-consult.de\/wp-content\/uploads\/2025\/02\/Logo_von-Redwitz_consult_q.png\",\"contentUrl\":\"https:\/\/von-redwitz-consult.de\/wp-content\/uploads\/2025\/02\/Logo_von-Redwitz_consult_q.png\",\"width\":300,\"height\":300,\"caption\":\"von Redwitz Consulting\"},{\"@type\":\"BreadcrumbList\",\"@id\":\"https:\/\/von-redwitz-consult.de\/en\/contact\/#breadcrumb\",\"itemListElement\":[{\"@type\":\"ListItem\",\"position\":1,\"name\":\"Startseite\",\"item\":\"https:\/\/von-redwitz-consult.de\/\"},{\"@type\":\"ListItem\",\"position\":2,\"name\":\"Contact\"}]},{\"@type\":\"WebSite\",\"@id\":\"https:\/\/von-redwitz-consult.de\/en\/#website\",\"url\":\"https:\/\/von-redwitz-consult.de\/en\/\",\"name\":\"von Redwitz CONSULT\",\"description\":\"Diversity Management f\u00fcr Unternehmen\",\"publisher\":{\"@id\":\"https:\/\/von-redwitz-consult.de\/en\/#organization\"},\"potentialAction\":[{\"@type\":\"SearchAction\",\"target\":{\"@type\":\"EntryPoint\",\"urlTemplate\":\"https:\/\/von-redwitz-consult.de\/en\/?s={search_term_string}\"},\"query-input\":{\"@type\":\"PropertyValueSpecification\",\"valueRequired\":true,\"valueName\":\"search_term_string\"}}],\"inLanguage\":\"en-US\"},{\"@type\":\"Organization\",\"@id\":\"https:\/\/von-redwitz-consult.de\/en\/#organization\",\"name\":\"von Redwitz CONSULT\",\"url\":\"https:\/\/von-redwitz-consult.de\/en\/\",\"logo\":{\"@type\":\"ImageObject\",\"inLanguage\":\"en-US\",\"@id\":\"https:\/\/von-redwitz-consult.de\/en\/#\/schema\/logo\/image\/\",\"url\":\"https:\/\/von-redwitz-consult.de\/wp-content\/uploads\/2018\/01\/Logo-205x60px.png\",\"contentUrl\":\"https:\/\/von-redwitz-consult.de\/wp-content\/uploads\/2018\/01\/Logo-205x60px.png\",\"width\":206,\"height\":60,\"caption\":\"von Redwitz CONSULT\"},\"image\":{\"@id\":\"https:\/\/von-redwitz-consult.de\/en\/#\/schema\/logo\/image\/\"},\"sameAs\":[\"https:\/\/www.facebook.com\/vonredwitzconsulting\/\",\"https:\/\/www.linkedin.com\/in\/annika-von-redwitz-53142436\/\",\"https:\/\/www.xing.com\/profile\/Annika_vonRedwitz\"]}]}<\/script>\n<!-- \/ Yoast SEO plugin. -->","yoast_head_json":{"title":"Contact - von Redwitz CONSULT","robots":{"index":"index","follow":"follow","max-snippet":"max-snippet:-1","max-image-preview":"max-image-preview:large","max-video-preview":"max-video-preview:-1"},"canonical":"https:\/\/von-redwitz-consult.de\/en\/contact\/","og_locale":"en_US","og_type":"article","og_title":"Contact - von Redwitz CONSULT","og_url":"https:\/\/von-redwitz-consult.de\/en\/contact\/","og_site_name":"von Redwitz CONSULT","article_publisher":"https:\/\/www.facebook.com\/vonredwitzconsulting\/","article_modified_time":"2022-01-14T14:14:23+00:00","og_image":[{"width":300,"height":300,"url":"https:\/\/von-redwitz-consult.de\/wp-content\/uploads\/2025\/02\/Logo_von-Redwitz_consult_q.png","type":"image\/png"}],"twitter_card":"summary_large_image","twitter_misc":{"Est. reading time":"2 minutes"},"schema":{"@context":"https:\/\/schema.org","@graph":[{"@type":"WebPage","@id":"https:\/\/von-redwitz-consult.de\/en\/contact\/","url":"https:\/\/von-redwitz-consult.de\/en\/contact\/","name":"Contact - von Redwitz CONSULT","isPartOf":{"@id":"https:\/\/von-redwitz-consult.de\/en\/#website"},"primaryImageOfPage":{"@id":"https:\/\/von-redwitz-consult.de\/en\/contact\/#primaryimage"},"image":{"@id":"https:\/\/von-redwitz-consult.de\/en\/contact\/#primaryimage"},"thumbnailUrl":"https:\/\/von-redwitz-consult.de\/wp-content\/uploads\/2025\/02\/Logo_von-Redwitz_consult_q.png","datePublished":"2022-01-14T14:14:22+00:00","dateModified":"2022-01-14T14:14:23+00:00","breadcrumb":{"@id":"https:\/\/von-redwitz-consult.de\/en\/contact\/#breadcrumb"},"inLanguage":"en-US","potentialAction":[{"@type":"ReadAction","target":["https:\/\/von-redwitz-consult.de\/en\/contact\/"]}]},{"@type":"ImageObject","inLanguage":"en-US","@id":"https:\/\/von-redwitz-consult.de\/en\/contact\/#primaryimage","url":"https:\/\/von-redwitz-consult.de\/wp-content\/uploads\/2025\/02\/Logo_von-Redwitz_consult_q.png","contentUrl":"https:\/\/von-redwitz-consult.de\/wp-content\/uploads\/2025\/02\/Logo_von-Redwitz_consult_q.png","width":300,"height":300,"caption":"von Redwitz Consulting"},{"@type":"BreadcrumbList","@id":"https:\/\/von-redwitz-consult.de\/en\/contact\/#breadcrumb","itemListElement":[{"@type":"ListItem","position":1,"name":"Startseite","item":"https:\/\/von-redwitz-consult.de\/"},{"@type":"ListItem","position":2,"name":"Contact"}]},{"@type":"WebSite","@id":"https:\/\/von-redwitz-consult.de\/en\/#website","url":"https:\/\/von-redwitz-consult.de\/en\/","name":"von Redwitz CONSULT","description":"Diversity Management f\u00fcr Unternehmen","publisher":{"@id":"https:\/\/von-redwitz-consult.de\/en\/#organization"},"potentialAction":[{"@type":"SearchAction","target":{"@type":"EntryPoint","urlTemplate":"https:\/\/von-redwitz-consult.de\/en\/?s={search_term_string}"},"query-input":{"@type":"PropertyValueSpecification","valueRequired":true,"valueName":"search_term_string"}}],"inLanguage":"en-US"},{"@type":"Organization","@id":"https:\/\/von-redwitz-consult.de\/en\/#organization","name":"von Redwitz CONSULT","url":"https:\/\/von-redwitz-consult.de\/en\/","logo":{"@type":"ImageObject","inLanguage":"en-US","@id":"https:\/\/von-redwitz-consult.de\/en\/#\/schema\/logo\/image\/","url":"https:\/\/von-redwitz-consult.de\/wp-content\/uploads\/2018\/01\/Logo-205x60px.png","contentUrl":"https:\/\/von-redwitz-consult.de\/wp-content\/uploads\/2018\/01\/Logo-205x60px.png","width":206,"height":60,"caption":"von Redwitz CONSULT"},"image":{"@id":"https:\/\/von-redwitz-consult.de\/en\/#\/schema\/logo\/image\/"},"sameAs":["https:\/\/www.facebook.com\/vonredwitzconsulting\/","https:\/\/www.linkedin.com\/in\/annika-von-redwitz-53142436\/","https:\/\/www.xing.com\/profile\/Annika_vonRedwitz"]}]}},"_links":{"self":[{"href":"https:\/\/von-redwitz-consult.de\/en\/wp-json\/wp\/v2\/pages\/5390","targetHints":{"allow":["GET"]}}],"collection":[{"href":"https:\/\/von-redwitz-consult.de\/en\/wp-json\/wp\/v2\/pages"}],"about":[{"href":"https:\/\/von-redwitz-consult.de\/en\/wp-json\/wp\/v2\/types\/page"}],"author":[{"embeddable":true,"href":"https:\/\/von-redwitz-consult.de\/en\/wp-json\/wp\/v2\/users\/2"}],"replies":[{"embeddable":true,"href":"https:\/\/von-redwitz-consult.de\/en\/wp-json\/wp\/v2\/comments?post=5390"}],"version-history":[{"count":2,"href":"https:\/\/von-redwitz-consult.de\/en\/wp-json\/wp\/v2\/pages\/5390\/revisions"}],"predecessor-version":[{"id":5392,"href":"https:\/\/von-redwitz-consult.de\/en\/wp-json\/wp\/v2\/pages\/5390\/revisions\/5392"}],"wp:featuredmedia":[{"embeddable":true,"href":"https:\/\/von-redwitz-consult.de\/en\/wp-json\/wp\/v2\/media\/6058"}],"wp:attachment":[{"href":"https:\/\/von-redwitz-consult.de\/en\/wp-json\/wp\/v2\/media?parent=5390"}],"curies":[{"name":"wp","href":"https:\/\/api.w.org\/{rel}","templated":true}]}}